{"id":11,"date":"2024-02-25T00:39:45","date_gmt":"2024-02-24T23:39:45","guid":{"rendered":"https:\/\/civiltracks.com\/?page_id=11"},"modified":"2026-05-01T20:48:08","modified_gmt":"2026-05-01T18:48:08","slug":"inicio","status":"publish","type":"page","link":"https:\/\/civiltracks.com\/","title":{"rendered":"Inicio"},"content":{"rendered":"\t\t<div data-elementor-type=\"wp-page\" data-elementor-id=\"11\" class=\"elementor elementor-11\">\n\t\t\t\t<div class=\"elementor-element elementor-element-75ccd98 e-flex e-con-boxed e-con e-parent\" data-id=\"75ccd98\" data-element_type=\"container\" data-e-type=\"container\" data-settings=\"{&quot;background_background&quot;:&quot;classic&quot;}\">\n\t\t\t\t\t<div class=\"e-con-inner\">\n\t\t\t\t\t<\/div>\n\t\t\t\t<\/div>\n\t\t<div class=\"elementor-element elementor-element-1cd8abe e-flex e-con-boxed e-con e-parent\" data-id=\"1cd8abe\" data-element_type=\"container\" data-e-type=\"container\" data-settings=\"{&quot;background_background&quot;:&quot;classic&quot;}\">\n\t\t\t\t\t<div class=\"e-con-inner\">\n\t\t<div class=\"elementor-element elementor-element-9403540 e-con-full e-flex e-con e-child\" data-id=\"9403540\" data-element_type=\"container\" data-e-type=\"container\">\n\t\t\t\t<div class=\"elementor-element elementor-element-e157e16 elementor-widget__width-initial elementor-widget elementor-widget-image\" data-id=\"e157e16\" data-element_type=\"widget\" data-e-type=\"widget\" data-widget_type=\"image.default\">\n\t\t\t\t<div class=\"elementor-widget-container\">\n\t\t\t\t\t\t\t\t\t\t\t\t<figure class=\"wp-caption\">\n\t\t\t\t\t\t\t\t\t\t<img fetchpriority=\"high\" decoding=\"async\" width=\"1024\" height=\"504\" src=\"https:\/\/civiltracks.com\/wp-content\/uploads\/2024\/03\/Intro1-1024x504.jpg\" class=\"attachment-large size-large wp-image-360\" alt=\"\" srcset=\"https:\/\/civiltracks.com\/wp-content\/uploads\/2024\/03\/Intro1-1024x504.jpg 1024w, https:\/\/civiltracks.com\/wp-content\/uploads\/2024\/03\/Intro1-300x148.jpg 300w, https:\/\/civiltracks.com\/wp-content\/uploads\/2024\/03\/Intro1-768x378.jpg 768w, https:\/\/civiltracks.com\/wp-content\/uploads\/2024\/03\/Intro1.jpg 1251w\" sizes=\"(max-width: 1024px) 100vw, 1024px\" \/>\t\t\t\t\t\t\t\t\t\t\t<figcaption class=\"widget-image-caption wp-caption-text\">Gr\u00e1fico generado con CivilTracks<\/figcaption>\n\t\t\t\t\t\t\t\t\t\t<\/figure>\n\t\t\t\t\t\t\t\t\t<\/div>\n\t\t\t\t<\/div>\n\t\t\t\t<\/div>\n\t\t<div class=\"elementor-element elementor-element-7de853e e-con-full e-flex e-con e-child\" data-id=\"7de853e\" data-element_type=\"container\" data-e-type=\"container\">\n\t\t\t\t<div class=\"elementor-element elementor-element-6304a8c elementor-widget elementor-widget-image\" data-id=\"6304a8c\" data-element_type=\"widget\" data-e-type=\"widget\" data-widget_type=\"image.default\">\n\t\t\t\t<div class=\"elementor-widget-container\">\n\t\t\t\t\t\t\t\t\t\t\t\t<figure class=\"wp-caption\">\n\t\t\t\t\t\t\t\t\t\t<img decoding=\"async\" width=\"976\" height=\"568\" src=\"https:\/\/civiltracks.com\/wp-content\/uploads\/2024\/03\/Intro2.jpg\" class=\"attachment-large size-large wp-image-361\" alt=\"\" srcset=\"https:\/\/civiltracks.com\/wp-content\/uploads\/2024\/03\/Intro2.jpg 976w, https:\/\/civiltracks.com\/wp-content\/uploads\/2024\/03\/Intro2-300x175.jpg 300w, https:\/\/civiltracks.com\/wp-content\/uploads\/2024\/03\/Intro2-768x447.jpg 768w\" sizes=\"(max-width: 976px) 100vw, 976px\" \/>\t\t\t\t\t\t\t\t\t\t\t<figcaption class=\"widget-image-caption wp-caption-text\">Trazado ferroviario generado con CivilTracks<\/figcaption>\n\t\t\t\t\t\t\t\t\t\t<\/figure>\n\t\t\t\t\t\t\t\t\t<\/div>\n\t\t\t\t<\/div>\n\t\t\t\t<\/div>\n\t\t<div class=\"elementor-element elementor-element-1683e3f e-con-full e-flex e-con e-child\" data-id=\"1683e3f\" data-element_type=\"container\" data-e-type=\"container\">\n\t\t\t\t<div class=\"elementor-element elementor-element-4a84d91 elementor-widget__width-initial elementor-widget elementor-widget-image\" data-id=\"4a84d91\" data-element_type=\"widget\" data-e-type=\"widget\" data-widget_type=\"image.default\">\n\t\t\t\t<div class=\"elementor-widget-container\">\n\t\t\t\t\t\t\t\t\t\t\t\t<figure class=\"wp-caption\">\n\t\t\t\t\t\t\t\t\t\t<img decoding=\"async\" width=\"1024\" height=\"506\" src=\"https:\/\/civiltracks.com\/wp-content\/uploads\/2024\/03\/Intro3-1024x506.jpg\" class=\"attachment-large size-large wp-image-362\" alt=\"\" srcset=\"https:\/\/civiltracks.com\/wp-content\/uploads\/2024\/03\/Intro3-1024x506.jpg 1024w, https:\/\/civiltracks.com\/wp-content\/uploads\/2024\/03\/Intro3-300x148.jpg 300w, https:\/\/civiltracks.com\/wp-content\/uploads\/2024\/03\/Intro3-768x379.jpg 768w, https:\/\/civiltracks.com\/wp-content\/uploads\/2024\/03\/Intro3.jpg 1251w\" sizes=\"(max-width: 1024px) 100vw, 1024px\" \/>\t\t\t\t\t\t\t\t\t\t\t<figcaption class=\"widget-image-caption wp-caption-text\">Gr\u00e1fico generado con CivilTracks<\/figcaption>\n\t\t\t\t\t\t\t\t\t\t<\/figure>\n\t\t\t\t\t\t\t\t\t<\/div>\n\t\t\t\t<\/div>\n\t\t\t\t<\/div>\n\t\t\t\t\t<\/div>\n\t\t\t\t<\/div>\n\t\t<div class=\"elementor-element elementor-element-2313848 e-flex e-con-boxed e-con e-parent\" data-id=\"2313848\" data-element_type=\"container\" data-e-type=\"container\" data-settings=\"{&quot;background_background&quot;:&quot;classic&quot;}\">\n\t\t\t\t\t<div class=\"e-con-inner\">\n\t\t\t\t<div class=\"elementor-element elementor-element-d87cccb elementor-widget elementor-widget-image\" data-id=\"d87cccb\" data-element_type=\"widget\" data-e-type=\"widget\" data-widget_type=\"image.default\">\n\t\t\t\t<div class=\"elementor-widget-container\">\n\t\t\t\t\t\t\t\t\t\t\t\t<figure class=\"wp-caption\">\n\t\t\t\t\t\t\t\t\t\t<img loading=\"lazy\" decoding=\"async\" width=\"1024\" height=\"472\" src=\"https:\/\/civiltracks.com\/wp-content\/uploads\/2024\/03\/Intro4-1024x472.jpg\" class=\"attachment-large size-large wp-image-1525\" alt=\"\" srcset=\"https:\/\/civiltracks.com\/wp-content\/uploads\/2024\/03\/Intro4-1024x472.jpg 1024w, https:\/\/civiltracks.com\/wp-content\/uploads\/2024\/03\/Intro4-300x138.jpg 300w, https:\/\/civiltracks.com\/wp-content\/uploads\/2024\/03\/Intro4-768x354.jpg 768w, https:\/\/civiltracks.com\/wp-content\/uploads\/2024\/03\/Intro4.jpg 1286w\" sizes=\"(max-width: 1024px) 100vw, 1024px\" \/>\t\t\t\t\t\t\t\t\t\t\t<figcaption class=\"widget-image-caption wp-caption-text\">Gr\u00e1fico generado con CivilTracks<\/figcaption>\n\t\t\t\t\t\t\t\t\t\t<\/figure>\n\t\t\t\t\t\t\t\t\t<\/div>\n\t\t\t\t<\/div>\n\t\t\t\t\t<\/div>\n\t\t\t\t<\/div>\n\t\t<div class=\"elementor-element elementor-element-ac65fea e-flex e-con-boxed e-con e-parent\" data-id=\"ac65fea\" data-element_type=\"container\" data-e-type=\"container\" data-settings=\"{&quot;background_background&quot;:&quot;classic&quot;}\">\n\t\t\t\t\t<div class=\"e-con-inner\">\n\t\t\t\t<div class=\"elementor-element elementor-element-56b4e59 elementor-widget elementor-widget-image\" data-id=\"56b4e59\" data-element_type=\"widget\" data-e-type=\"widget\" data-widget_type=\"image.default\">\n\t\t\t\t<div class=\"elementor-widget-container\">\n\t\t\t\t\t\t\t\t\t\t\t\t<figure class=\"wp-caption\">\n\t\t\t\t\t\t\t\t\t\t<img loading=\"lazy\" decoding=\"async\" width=\"1024\" height=\"141\" src=\"https:\/\/civiltracks.com\/wp-content\/uploads\/2024\/03\/Intro5-1-1024x141.jpg\" class=\"attachment-large size-large wp-image-1565\" alt=\"\" srcset=\"https:\/\/civiltracks.com\/wp-content\/uploads\/2024\/03\/Intro5-1-1024x141.jpg 1024w, https:\/\/civiltracks.com\/wp-content\/uploads\/2024\/03\/Intro5-1-300x41.jpg 300w, https:\/\/civiltracks.com\/wp-content\/uploads\/2024\/03\/Intro5-1-768x105.jpg 768w, https:\/\/civiltracks.com\/wp-content\/uploads\/2024\/03\/Intro5-1-1536x211.jpg 1536w, https:\/\/civiltracks.com\/wp-content\/uploads\/2024\/03\/Intro5-1.jpg 1842w\" sizes=\"(max-width: 1024px) 100vw, 1024px\" \/>\t\t\t\t\t\t\t\t\t\t\t<figcaption class=\"widget-image-caption wp-caption-text\">C\u00e1lculo generado con CivilTracks<\/figcaption>\n\t\t\t\t\t\t\t\t\t\t<\/figure>\n\t\t\t\t\t\t\t\t\t<\/div>\n\t\t\t\t<\/div>\n\t\t\t\t\t<\/div>\n\t\t\t\t<\/div>\n\t\t<div class=\"elementor-element elementor-element-ab0b3da e-flex e-con-boxed e-con e-parent\" data-id=\"ab0b3da\" data-element_type=\"container\" data-e-type=\"container\" data-settings=\"{&quot;background_background&quot;:&quot;classic&quot;}\">\n\t\t\t\t\t<div class=\"e-con-inner\">\n\t\t\t\t<div class=\"elementor-element elementor-element-3c4e308 elementor-widget elementor-widget-text-editor\" data-id=\"3c4e308\" data-element_type=\"widget\" data-e-type=\"widget\" data-widget_type=\"text-editor.default\">\n\t\t\t\t<div class=\"elementor-widget-container\">\n\t\t\t\t\t\t\t\t\t<h2 dir=\"ltr\"><i>Introducci\u00f3n<\/i><\/h2><p dir=\"ltr\" style=\"padding-left: 40px;\">La Ingenier\u00eda Civil es una actividad apasionante, que ha permitido el desarrollo de la humanidad desde sus comienzos de forma determinante.<\/p><p dir=\"ltr\" style=\"padding-left: 40px;\"><span style=\"font-style: inherit; font-weight: inherit; font-family: var( --e-global-typography-text-font-family ), Sans-serif;\">Esta rama de la Ingenier\u00eda incluye multitud de especialidades: presas, puertos, canales, puentes y grandes estructuras, t\u00faneles y otras obras subterr\u00e1neas, obras lineales de carreteras y de ferrocarril, obras hidr\u00e1ulicas, obras de abastecimiento de agua, redes de saneamiento y alcantarillado, etc&#8230;<\/span><\/p><p dir=\"ltr\" style=\"padding-left: 40px;\">Resulta sencillo encontrar bibliograf\u00eda de muchos temas relacionados con la Ingenier\u00eda Civil. Por ejemplo, la bibliograf\u00eda acerca de C\u00e1lculo Estructural o de Geotecnia del Terreno es muy extensa y de gran calidad. Sin embargo, en algunas otras especialidades, la bibliograf\u00eda no es tan prol\u00edfica, es excesivamente repetitiva en su contenido o es algo anticuada..<\/p><p dir=\"ltr\" style=\"padding-left: 40px;\">En concreto, en la especialidad de obras lineales de ferrocarril, la bibliograf\u00eda existente no resulta tan extensa como pudiera ser en otras especialidades t\u00e9cnicas anteriormente mencionadas. Existen, no obstante, publicaciones de gran calidad, algunas de las cuales se citar\u00e1n posteriormente.<\/p><p dir=\"ltr\" style=\"padding-left: 40px;\">El motivo de este blog es realizar aportaciones sobre algunos temas de Ingenier\u00eda Ferroviaria de los cuales no existe actualmente mucha bibliograf\u00eda, o hacer hincapi\u00e9 en aspectos existentes sobre los cuales se puede aportar informaci\u00f3n complementaria o m\u00e1s actual.<\/p><p dir=\"ltr\" style=\"padding-left: 40px;\">La metodolog\u00eda del blog es de tipo pr\u00e1ctico. De cualquier tema del que se trate se comentar\u00e1n en una p\u00e1gina titulada \u00abConceptos b\u00e1sicos\u00bb una serie de conceptos que permitan al lector tener una visi\u00f3n general y asimilar los aspectos m\u00e1s importantes del tema de una manera r\u00e1pida. Posteriormente, en otra zona de cada tema titulada \u00abConceptos avanzados\u00bb se incidir\u00e1 en algunos aspectos m\u00e1s concretos en los que se considere conveniente ampliar la informaci\u00f3n por ser m\u00e1s novedosa o estar menos tratada en la bibliograf\u00eda existente.<\/p><p dir=\"ltr\" style=\"padding-left: 40px;\">Por \u00faltimo, cada tema ir\u00e1 acompa\u00f1ado de una aplicaci\u00f3n software de car\u00e1cter educacional desarrollada mediante programaci\u00f3n de hoja de c\u00e1lculo, la cual permitir\u00e1 al lector realizar ejemplos para ver los resultados y poder as\u00ed aprender de forma r\u00e1pida e interactiva. Los programas se acompa\u00f1an de ejemplos desarrollados a lo largo de los diferentes temas que permiten aprender su funcionamiento. El objetivo de los programas suministrados es meramente educacional, divulgativo y sin \u00e1nimo de lucro, por lo que no han pasado por un proceso que permita su uso con cualquier fin de tipo profesional. No obstante, resultan de gran utilidad como m\u00e9todo de aprendizaje y para comparar resultados de c\u00e1lculo con otros programas del mismo tipo generados por los lectores de la presente web.<\/p><p dir=\"ltr\" style=\"padding-left: 40px;\">Lamentablemente son muchos los temas que nos gustar\u00eda incluir en este blog y limitado el tiempo disponible por los autores. No obstante, en la medida de lo posible, se ir\u00e1n incluyendo en el blog todos los programas preparados, los textos explicativos de los mismos y la informaci\u00f3n t\u00e9cnica complementaria, la cual tambi\u00e9n se ir\u00e1 ampliando y actualizando.\u00a0<\/p><h2 dir=\"ltr\"><i>Bibliograf\u00eda<\/i><\/h2><p dir=\"ltr\" style=\"padding-left: 40px;\">A continuaci\u00f3n se comentan varias publicaciones que se aconseja consultar si se desea adquirir conocimientos t\u00e9cnicos o una visi\u00f3n global sobre el mundo del ferrocarril.<\/p><ol><li style=\"list-style-type: none;\"><ol><li style=\"list-style-type: none;\"><ol><li style=\"list-style-type: none;\"><ul><li>Libros del profesor L\u00f3pez Pita. La colecci\u00f3n de libros ferroviarios del profesor L\u00f3pez Pita es extraordinaria en calidad t\u00e9cnica y en presentaci\u00f3n. Su lectura permite adquirir un conocimiento general sobre todas las especialidades del mundo ferroviario de una manera amena. Teniendo en cuenta que el mundo del ferrocarril incluye pr\u00e1cticamente todos los aspectos t\u00e9cnicos de la ingenier\u00eda (civil, industrial, telecomunicaciones, etc&#8230;), la existencia de una serie de libros que permitan obtener una visi\u00f3n general y con un buen grado de detalle de much\u00edsimos aspectos t\u00e9cnicos del ferrocarril resulta de gran utilidad.<\/li><li>Libros ferroviarios del profesor Manuel Melis. Absolutamente recomendables (como todas las publicaciones t\u00e9cnicas del profesor Melis). Tratan muchos temas ferroviarios con profundidad y aportando datos y comentarios sobre muchos aspectos que resultan dif\u00edciles de encontrar en otros libros.<\/li><li>Din\u00e1mica longitudinal del tren en la explotaci\u00f3n ferroviaria (Alberto Garc\u00eda \u00c1lvarez e Ignacio Gonz\u00e1lez Franco). Existe muy poca bibliograf\u00eda sobre los temas relacionados con la din\u00e1mica del movimiento del tren y su c\u00e1lculo. Este libro trata dicha cuesti\u00f3n con gran detalle, aportando muchos datos y explicaciones sobre un asunto poco tratado en general en los textos ferroviarios.<\/li><li>ETC FR (AESF). Especificaci\u00f3n T\u00e9cnica de Circulaci\u00f3n para c\u00e1lculo de distancias de frenado. Agencia Estatal de Seguridad Ferroviaria. Gobierno de Espa\u00f1a.<\/li><li>IFG. Instrucci\u00f3n Ferroviaria de G\u00e1libos. Orden FOM\/1630\/2015 de 14 de julio. Agencia Estatal de Seguridad Ferroviaria. Gobierno de Espa\u00f1a.\u00a0\u00a0<\/li><li>Modern Railway Track (Coenraad Esveld). Un libro cl\u00e1sico sobre la v\u00eda del ferrocarril muy recomendable.<\/li><\/ul><\/li><\/ol><\/li><\/ol><\/li><\/ol>\t\t\t\t\t\t\t\t<\/div>\n\t\t\t\t<\/div>\n\t\t\t\t\t<\/div>\n\t\t\t\t<\/div>\n\t\t<div class=\"elementor-element elementor-element-5f037e3 e-flex e-con-boxed e-con e-parent\" data-id=\"5f037e3\" data-element_type=\"container\" data-e-type=\"container\">\n\t\t\t\t\t<div class=\"e-con-inner\">\n\t\t\t\t\t<\/div>\n\t\t\t\t<\/div>\n\t\t<div class=\"elementor-element elementor-element-983dcc9 e-flex e-con-boxed e-con e-parent\" data-id=\"983dcc9\" data-element_type=\"container\" data-e-type=\"container\">\n\t\t\t\t\t<div class=\"e-con-inner\">\n\t\t\t\t\t<\/div>\n\t\t\t\t<\/div>\n\t\t\t\t<\/div>\n\t\t","protected":false},"excerpt":{"rendered":"<p>Gr\u00e1fico generado con CivilTracks Trazado ferroviario generado con CivilTracks Gr\u00e1fico generado con CivilTracks Gr\u00e1fico generado con CivilTracks C\u00e1lculo generado con [&hellip;]<\/p>\n","protected":false},"author":1,"featured_media":0,"parent":0,"menu_order":0,"comment_status":"closed","ping_status":"closed","template":"","meta":{"om_disable_all_campaigns":false,"site-sidebar-layout":"no-sidebar","site-content-layout":"plain-container","ast-site-content-layout":"","site-content-style":"default","site-sidebar-style":"default","ast-global-header-display":"","ast-banner-title-visibility":"","ast-main-header-display":"","ast-hfb-above-header-display":"","ast-hfb-below-header-display":"","ast-hfb-mobile-header-display":"","site-post-title":"disabled","ast-breadcrumbs-content":"","ast-featured-img":"","footer-sml-layout":"","theme-transparent-header-meta":"enabled","adv-header-id-meta":"","stick-header-meta":"","header-above-stick-meta":"","header-main-stick-meta":"","header-below-stick-meta":"","astra-migrate-meta-layouts":"default","ast-page-background-enabled":"default","ast-page-background-meta":{"desktop":{"background-color":"var(--ast-global-color-4)","background-image":"","background-repeat":"repeat","background-position":"center center","background-size":"auto","background-attachment":"scroll","background-type":"","background-media":"","overlay-type":"","overlay-color":"","overlay-gradient":""},"tablet":{"background-color":"","background-image":"","background-repeat":"repeat","background-position":"center center","background-size":"auto","background-attachment":"scroll","background-type":"","background-media":"","overlay-type":"","overlay-color":"","overlay-gradient":""},"mobile":{"background-color":"","background-image":"","background-repeat":"repeat","background-position":"center center","background-size":"auto","background-attachment":"scroll","background-type":"","background-media":"","overlay-type":"","overlay-color":"","overlay-gradient":""}},"ast-content-background-meta":{"desktop":{"background-color":"var(--ast-global-color-5)","background-image":"","background-repeat":"repeat","background-position":"center center","background-size":"auto","background-attachment":"scroll","background-type":"","background-media":"","overlay-type":"","overlay-color":"","overlay-gradient":""},"tablet":{"background-color":"var(--ast-global-color-5)","background-image":"","background-repeat":"repeat","background-position":"center center","background-size":"auto","background-attachment":"scroll","background-type":"","background-media":"","overlay-type":"","overlay-color":"","overlay-gradient":""},"mobile":{"background-color":"var(--ast-global-color-5)","background-image":"","background-repeat":"repeat","background-position":"center center","background-size":"auto","background-attachment":"scroll","background-type":"","background-media":"","overlay-type":"","overlay-color":"","overlay-gradient":""}},"footnotes":""},"class_list":["post-11","page","type-page","status-publish","hentry"],"aioseo_notices":[],"_links":{"self":[{"href":"https:\/\/civiltracks.com\/index.php\/wp-json\/wp\/v2\/pages\/11","targetHints":{"allow":["GET"]}}],"collection":[{"href":"https:\/\/civiltracks.com\/index.php\/wp-json\/wp\/v2\/pages"}],"about":[{"href":"https:\/\/civiltracks.com\/index.php\/wp-json\/wp\/v2\/types\/page"}],"author":[{"embeddable":true,"href":"https:\/\/civiltracks.com\/index.php\/wp-json\/wp\/v2\/users\/1"}],"replies":[{"embeddable":true,"href":"https:\/\/civiltracks.com\/index.php\/wp-json\/wp\/v2\/comments?post=11"}],"version-history":[{"count":361,"href":"https:\/\/civiltracks.com\/index.php\/wp-json\/wp\/v2\/pages\/11\/revisions"}],"predecessor-version":[{"id":3066,"href":"https:\/\/civiltracks.com\/index.php\/wp-json\/wp\/v2\/pages\/11\/revisions\/3066"}],"wp:attachment":[{"href":"https:\/\/civiltracks.com\/index.php\/wp-json\/wp\/v2\/media?parent=11"}],"curies":[{"name":"wp","href":"https:\/\/api.w.org\/{rel}","templated":true}]}}